{"id":3,"date":"2025-06-25T12:32:42","date_gmt":"2025-06-25T12:32:42","guid":{"rendered":"https:\/\/edukia.org\/?page_id=3"},"modified":"2025-10-23T21:51:16","modified_gmt":"2025-10-23T19:51:16","slug":"politica-privadesa","status":"publish","type":"page","link":"https:\/\/edukia.org\/ca\/politica-privadesa\/","title":{"rendered":"Pol\u00edtica de privadesa"},"content":{"rendered":"<div class=\"fusion-fullwidth fullwidth-box fusion-builder-row-1 fusion-flex-container nonhundred-percent-fullwidth non-hundred-percent-height-scrolling\" style=\"--awb-border-radius-top-left:0px;--awb-border-radius-top-right:0px;--awb-border-radius-bottom-right:0px;--awb-border-radius-bottom-left:0px;--awb-flex-wrap:wrap;\" ><div class=\"fusion-builder-row fusion-row fusion-flex-align-items-flex-start fusion-flex-content-wrap\" style=\"max-width:1310.4px;margin-left: calc(-4% \/ 2 );margin-right: calc(-4% \/ 2 );\"><div class=\"fusion-layout-column fusion_builder_column fusion-builder-column-0 fusion_builder_column_1_1 1_1 fusion-flex-column\" style=\"--awb-bg-size:cover;--awb-width-large:100%;--awb-margin-top-large:0px;--awb-spacing-right-large:1.92%;--awb-margin-bottom-large:0px;--awb-spacing-left-large:1.92%;--awb-width-medium:100%;--awb-spacing-right-medium:1.92%;--awb-spacing-left-medium:1.92%;--awb-width-small:100%;--awb-spacing-right-small:1.92%;--awb-spacing-left-small:1.92%;\"><div class=\"fusion-column-wrapper fusion-flex-justify-content-flex-start fusion-content-layout-column\"><div class=\"fusion-text fusion-text-1\"><h1 class=\"wp-block-heading\" style=\"text-align: center;\">Pol\u00edtica de Privadesa\u00a0<\/h1>\n<p>&nbsp;<\/p>\n<p>&nbsp;<\/p>\n<h2>1. Qui som i Responsable del Tractament<\/h2>\n<p>&nbsp;<\/p>\n<p>Aquesta Pol\u00edtica de Privadesa descriu com <strong>EdukI\u0394<\/strong><b>\u00a0Next<\/b> recull, utilitza i protegeix la informaci\u00f3 personal que vost\u00e8 proporciona al nostre lloc web.<\/p>\n<p>El responsable del tractament de les dades personals recollides a trav\u00e9s d&#039;aquest lloc web \u00e9s:<\/p>\n<ul>\n<li>\n<p><b>Denominaci\u00f3 Social:<\/b> EdukI\u0394 Next<\/p>\n<\/li>\n<li>\n<p><b>Seu Social:<\/b> Pla\u00e7a Castanyer, 1, bxs., 1a, 08290 Cerdanyola del Vall\u00e8s<\/p>\n<\/li>\n<li>\n<p><b>Dades Registrals:<\/b> Inscripci\u00f3 n\u00famero 78278, amb data 29\/09\/2025.<\/p>\n<\/li>\n<li>\n<p><b>Adre\u00e7a del nostre lloc web:<\/b> <a class=\"ng-star-inserted\" href=\"https:\/\/edukia.org\/ca\/\" target=\"_blank\" rel=\"noopener\" data-hveid=\"0\" data-ved=\"0CAAQ_4QMahcKEwjM-f67qauQAxUAAAAAHQAAAAAQRA\">https:\/\/edukia.org<\/a><\/p>\n<\/li>\n<\/ul>\n<hr \/>\n<p>&nbsp;<\/p>\n<h2>2. Quines dades personals recollim i per qu\u00e8 les recollim<\/h2>\n<p>&nbsp;<\/p>\n<p>&nbsp;<\/p>\n<h3>Comentaris<\/h3>\n<p>&nbsp;<\/p>\n<p>Quan els visitants deixen comentaris al lloc, recopilem les dades que es mostren al formulari de comentaris, aix\u00ed com l&#039;adre\u00e7a IP del visitant i la cadena d&#039;agent d&#039;usuari del navegador per facilitar la detecci\u00f3 d&#039;spam.<\/p>\n<p>\u00c9s possible que es proporcioni al servei Gravatar una cadena an\u00f2nima (tamb\u00e9 anomenada hash) creada a partir de la vostra adre\u00e7a de correu electr\u00f2nic per verificar si l&#039;est\u00e0 utilitzant. La pol\u00edtica de privadesa del servei Gravatar est\u00e0 disponible aqu\u00ed: <a class=\"ng-star-inserted\" href=\"https:\/\/automattic.com\/privacy\/\" target=\"_blank\" rel=\"noopener\" data-hveid=\"0\" data-ved=\"0CAAQ_4QMahcKEwjM-f67qauQAxUAAAAAHQAAAAAQRQ\">https:\/\/automattic.com\/privacy\/<\/a>. Despr\u00e9s de l&#039;aprovaci\u00f3 del vostre comentari, la vostra foto de perfil ser\u00e0 visible p\u00fablicament en el context d&#039;aquest.<\/p>\n<p>&nbsp;<\/p>\n<h3>Mitjans<\/h3>\n<p>&nbsp;<\/p>\n<p>Si pugeu imatges al lloc web, eviteu pujar imatges amb dades d&#039;ubicaci\u00f3 incrustades (GPS EXIF). Els visitants del lloc web poden descarregar i extreure qualsevol dada dubicaci\u00f3 de les imatges del lloc web.<\/p>\n<p>&nbsp;<\/p>\n<h3>Cookies<\/h3>\n<p>&nbsp;<\/p>\n<p>Si deixeu un comentari al nostre lloc, podeu optar per desar el vostre nom, adre\u00e7a de correu electr\u00f2nic i lloc web en cookies. Aix\u00f2 \u00e9s per a la vostra comoditat, perqu\u00e8 no h\u00e0giu de tornar a introduir les vostres dades en deixar un altre comentari. Aquestes galetes tenen una durada d&#039;un any.<\/p>\n<p>Si visiteu la nostra p\u00e0gina d&#039;inici de sessi\u00f3, instal\u00b7larem una galeta temporal per determinar si el vostre navegador accepta cookies. Aquesta galeta no cont\u00e9 dades personals i s&#039;elimina en tancar el navegador.<\/p>\n<p>En iniciar sessi\u00f3, tamb\u00e9 instal\u00b7larem diverses galetes per desar la informaci\u00f3 d&#039;inici de sessi\u00f3 i les opcions de visualitzaci\u00f3 de pantalla. Les galetes d&#039;inici de sessi\u00f3 duren dos dies i les opcions de pantalla, un any. Si seleccioneu Recordar-me, l&#039;inici de sessi\u00f3 es conservar\u00e0 durant dues setmanes. Si tanqueu sessi\u00f3, les galetes d&#039;inici de sessi\u00f3 s&#039;eliminaran.<\/p>\n<p>Si editeu o publiqueu un article, es desar\u00e0 una galeta addicional al vostre navegador. Aquesta galeta no cont\u00e9 dades personals i simplement indica l&#039;ID de la publicaci\u00f3 de l&#039;article acabat d&#039;editar. Caduca l&#039;endem\u00e0.<\/p>\n<p>&nbsp;<\/p>\n<h3>Contingut incrustat d&#039;altres llocs web<\/h3>\n<p>&nbsp;<\/p>\n<p>Els articles d&#039;aquest lloc poden incloure contingut incrustat (p. ex., v\u00eddeos, imatges, articles, etc.). El contingut incrustat daltres llocs web es comporta exactament igual que si el visitant hagu\u00e9s visitat laltre lloc web.<\/p>\n<p>Aquests llocs web poden recopilar dades sobre vost\u00e8, utilitzar cookies, integrar seguiment addicional de tercers i supervisar la seva interacci\u00f3 amb aquest contingut incrustat, incloent el seguiment de la seva interacci\u00f3 amb aquest contingut si teniu un compte i heu iniciat sessi\u00f3 en aquest lloc web.<\/p>\n<hr \/>\n<p>&nbsp;<\/p>\n<h2>3. Amb qui compartim les vostres dades<\/h2>\n<p>&nbsp;<\/p>\n<p>Si sol\u00b7liciteu un restabliment de contrasenya, la vostra adre\u00e7a IP s&#039;inclour\u00e0 al correu electr\u00f2nic de restabliment.<\/p>\n<p>A m\u00e9s, tal com s&#039;esmenta a la secci\u00f3 de \u00abComentaris\u00bb, els comentaris dels visitants es poden revisar mitjan\u00e7ant un servei autom\u00e0tic de detecci\u00f3 d&#039;spam.<\/p>\n<hr \/>\n<p>&nbsp;<\/p>\n<h2>4. Durant quant de temps conservem les vostres dades<\/h2>\n<p>&nbsp;<\/p>\n<p>Si deixeu un comentari, aquesta i les seves metadades es conserven indefinidament. Aix\u00f2 ens permet recon\u00e8ixer i aprovar autom\u00e0ticament qualsevol comentari posterior en lloc de mantenir-los en una cua de moderaci\u00f3.<\/p>\n<p>Dels usuaris que es registren al nostre lloc web (si n&#039;hi ha), tamb\u00e9 emmagatzemem la informaci\u00f3 personal que proporcionen al vostre perfil d&#039;usuari. Tots els usuaris poden veure, editar o eliminar la vostra informaci\u00f3 personal en qualsevol moment (excepte que no poden canviar el vostre nom d&#039;usuari). Els administradors del lloc web tamb\u00e9 poden veure i editar aquesta informaci\u00f3.<\/p>\n<hr \/>\n<p>&nbsp;<\/p>\n<h2>5. Quins drets teniu sobre les vostres dades<\/h2>\n<p>&nbsp;<\/p>\n<p>Si teniu un compte en aquest lloc o heu deixat comentaris, podeu demanar rebre un arxiu exportat de les dades personals que tenim sobre vost\u00e8, incloent qualsevol dada que ens hagi proporcionat.<\/p>\n<p>Tamb\u00e9 podeu sol\u00b7licitar que eliminem qualsevol dada personal que tinguem sobre vost\u00e8. Aix\u00f2 no inclou les dades que estiguem obligades a conservar amb fins administratius, legals o de seguretat.<\/p>\n<hr \/>\n<p>&nbsp;<\/p>\n<h2>6. On s&#039;envien les vostres dades<\/h2>\n<p>&nbsp;<\/p>\n<p>Els comentaris dels visitants es poden revisar mitjan\u00e7ant un servei autom\u00e0tic de detecci\u00f3 d&#039;spam.<\/p>\n<p>&nbsp;<\/p>\n<\/div><\/div><\/div><\/div><\/div>","protected":false},"excerpt":{"rendered":"","protected":false},"author":1,"featured_media":0,"parent":0,"menu_order":0,"comment_status":"closed","ping_status":"closed","template":"","meta":{"_acf_changed":false,"footnotes":""},"class_list":["post-3","page","type-page","status-publish","hentry"],"acf":[],"_links":{"self":[{"href":"https:\/\/edukia.org\/ca\/wp-json\/wp\/v2\/pages\/3","targetHints":{"allow":["GET"]}}],"collection":[{"href":"https:\/\/edukia.org\/ca\/wp-json\/wp\/v2\/pages"}],"about":[{"href":"https:\/\/edukia.org\/ca\/wp-json\/wp\/v2\/types\/page"}],"author":[{"embeddable":true,"href":"https:\/\/edukia.org\/ca\/wp-json\/wp\/v2\/users\/1"}],"replies":[{"embeddable":true,"href":"https:\/\/edukia.org\/ca\/wp-json\/wp\/v2\/comments?post=3"}],"version-history":[{"count":4,"href":"https:\/\/edukia.org\/ca\/wp-json\/wp\/v2\/pages\/3\/revisions"}],"predecessor-version":[{"id":2735,"href":"https:\/\/edukia.org\/ca\/wp-json\/wp\/v2\/pages\/3\/revisions\/2735"}],"wp:attachment":[{"href":"https:\/\/edukia.org\/ca\/wp-json\/wp\/v2\/media?parent=3"}],"curies":[{"name":"wp","href":"https:\/\/api.w.org\/{rel}","templated":true}]}}