{"id":2521,"date":"2025-10-02T23:40:19","date_gmt":"2025-10-02T21:40:19","guid":{"rendered":"https:\/\/edukia.org\/?page_id=2521"},"modified":"2025-10-09T16:08:20","modified_gmt":"2025-10-09T14:08:20","slug":"societat","status":"publish","type":"page","link":"https:\/\/edukia.org\/ca\/arees\/societat\/","title":{"rendered":"Societat"},"content":{"rendered":"<div class=\"fusion-fullwidth fullwidth-box fusion-builder-row-1 fusion-flex-container has-pattern-background has-mask-background nonhundred-percent-fullwidth non-hundred-percent-height-scrolling\" style=\"--awb-border-radius-top-left:0px;--awb-border-radius-top-right:0px;--awb-border-radius-bottom-right:0px;--awb-border-radius-bottom-left:0px;--awb-flex-wrap:wrap;\" ><div class=\"fusion-builder-row fusion-row fusion-flex-align-items-flex-start fusion-flex-content-wrap\" style=\"max-width:1310.4px;margin-left: calc(-4% \/ 2 );margin-right: calc(-4% \/ 2 );\"><div class=\"fusion-layout-column fusion_builder_column fusion-builder-column-0 fusion_builder_column_1_1 1_1 fusion-flex-column\" style=\"--awb-bg-size:cover;--awb-width-large:100%;--awb-margin-top-large:0px;--awb-spacing-right-large:1.92%;--awb-margin-bottom-large:20px;--awb-spacing-left-large:1.92%;--awb-width-medium:100%;--awb-order-medium:0;--awb-spacing-right-medium:1.92%;--awb-spacing-left-medium:1.92%;--awb-width-small:100%;--awb-order-small:0;--awb-spacing-right-small:1.92%;--awb-spacing-left-small:1.92%;\"><div class=\"fusion-column-wrapper fusion-column-has-shadow fusion-flex-justify-content-flex-start fusion-content-layout-column\"><div class=\"fusion-text fusion-text-1\"><h2><b>EdukI\u0394: Intel\u00b7lig\u00e8ncia Artificial per a una Societat m\u00e9s Justa i Eficient<\/b><\/h2>\n<p>La tecnologia nom\u00e9s arriba al seu veritable potencial quan serveix per millorar la vida de les persones. La intel\u00b7lig\u00e8ncia artificial (IA) representa una oportunitat hist\u00f2rica per resoldre alguns dels desafiaments m\u00e9s complexos de la nostra <b>societat<\/b>, des de la gesti\u00f3 de recursos p\u00fablics fins al foment de la inclusi\u00f3 social. Tot i aix\u00f2, perqu\u00e8 aquesta promesa es faci realitat, \u00e9s fonamental garantir que la seva aplicaci\u00f3 sigui \u00e8tica, accessible i estigui centrada en el b\u00e9 com\u00fa.<\/p>\n<p>A <b>EdukI\u0394<\/b>, tenim la convicci\u00f3 que la IA pot ser un poder\u00f3s motor de progr\u00e9s social. Per aix\u00f2, treballem per acostar aquesta tecnologia als que m\u00e9s se&#039;n poden beneficiar: les organitzacions que teixeixen la nostra xarxa social i la ciutadania en general.<\/p>\n<h3><b>La nostra Missi\u00f3: IA amb Impacte Social Positiu<\/b><\/h3>\n<p>Actuem com un catalitzador, connectant el poder de la innovaci\u00f3 tecnol\u00f2gica amb les necessitats reals de la <b>societat<\/b>. Facilitem el coneixement i les eines perqu\u00e8 la IA esdevingui una aliada estrat\u00e8gica en la construcci\u00f3 d&#039;un futur m\u00e9s equitatiu i cohesionat.<\/p>\n<p><b>Com ho fem?<\/b><\/p>\n<ul>\n<li><b>Empoderant el Tercer Sector:<\/b> Col\u00b7laborem estretament amb ONG, associacions i fundacions perqu\u00e8 puguin aplicar la IA al seu dia a dia. Us ajudem a optimitzar la captaci\u00f3 de fons, gestionar voluntariat, analitzar dades per mesurar-ne l&#039;impacte social i personalitzar l&#039;atenci\u00f3 als vostres beneficiaris, multiplicant aix\u00ed l&#039;abast de la seva tasca.<\/li>\n<li><b>Modernitzant l&#039;Administraci\u00f3 p\u00fablica:<\/b> Una gesti\u00f3 p\u00fablica eficient \u00e9s clau per al benestar ciutad\u00e0. A <b>EdukI\u0394<\/b>, oferim guies i casos d&#039;\u00fas perqu\u00e8 les administracions puguin fer servir la IA per millorar els serveis p\u00fablics, optimitzar la gesti\u00f3 de recursos (energia, aigua, mobilitat), agilitzar tr\u00e0mits i prendre decisions basades en dades, fomentant la transpar\u00e8ncia i l&#039;efic\u00e0cia.<\/li>\n<li><b>Fomentant una Ciutadania Cr\u00edtica i Participativa:<\/b> Creiem en una <b>societat<\/b> informada que compr\u00e8n i participa a la revoluci\u00f3 digital. Promovem l&#039;alfabetitzaci\u00f3 a IA perqu\u00e8 qualsevol persona pugui entendre les seves implicacions, fer servir eines b\u00e0siques de forma segura i participar activament en el debat sobre el seu \u00fas \u00e8tic i responsable.<\/li>\n<\/ul>\n<div class=\"fusion-image-element in-legacy-container\" style=\"--awb-mask-url: url(https:\/\/edukia.org\/wp-content\/plugins\/fusion-builder\/\/assets\/images\/masks\/mask-12.svg);--awb-caption-title-font-family:var(--h2_typography-font-family);--awb-caption-title-font-weight:var(--h2_typography-font-weight);--awb-caption-title-font-style:var(--h2_typography-font-style);--awb-caption-title-size:var(--h2_typography-font-size);--awb-caption-title-transform:var(--h2_typography-text-transform);--awb-caption-title-line-height:var(--h2_typography-line-height);--awb-caption-title-letter-spacing:var(--h2_typography-letter-spacing);\"><span class=\"fusion-imageframe imageframe-none imageframe-1 hover-type-none has-mask\"><img decoding=\"async\" width=\"1360\" height=\"768\" title=\"banner-intro\" src=\"https:\/\/edukia.org\/wp-content\/uploads\/2025\/10\/banner-intro.webp\" data-orig-src=\"https:\/\/edukia.org\/wp-content\/uploads\/2025\/10\/banner-intro.webp\" alt class=\"lazyload img-responsive wp-image-2538\" srcset=\"data:image\/svg+xml,%3Csvg%20xmlns%3D%27http%3A%2F%2Fwww.w3.org%2F2000%2Fsvg%27%20width%3D%271360%27%20height%3D%27768%27%20viewBox%3D%270%200%201360%20768%27%3E%3Crect%20width%3D%271360%27%20height%3D%27768%27%20fill-opacity%3D%220%22%2F%3E%3C%2Fsvg%3E\" data-srcset=\"https:\/\/edukia.org\/wp-content\/uploads\/2025\/10\/banner-intro-200x113.webp 200w, https:\/\/edukia.org\/wp-content\/uploads\/2025\/10\/banner-intro-400x226.webp 400w, https:\/\/edukia.org\/wp-content\/uploads\/2025\/10\/banner-intro-600x339.webp 600w, https:\/\/edukia.org\/wp-content\/uploads\/2025\/10\/banner-intro-800x452.webp 800w, https:\/\/edukia.org\/wp-content\/uploads\/2025\/10\/banner-intro-1200x678.webp 1200w, https:\/\/edukia.org\/wp-content\/uploads\/2025\/10\/banner-intro.webp 1360w\" data-sizes=\"auto\" data-orig-sizes=\"(max-width: 640px) 100vw, 1360px\" \/><\/span><\/div>\n<h3><b>Creant un futur millor, junts<\/b><\/h3>\n<p>L&#039;objectiu final de <b>EdukI\u0394<\/b> \u00e9s simple: utilitzar la tecnologia per enfortir els lla\u00e7os comunitaris i millorar la qualitat de vida. Volem impulsar projectes que fomentin:<\/p>\n<ul>\n<li><b>La inclusi\u00f3 social:<\/b> Desenvolupar solucions que eliminin barreres per a persones amb diversitat funcional o en risc d&#039;exclusi\u00f3.<\/li>\n<li><b>La cohesi\u00f3 territorial:<\/b> Apropant serveis i oportunitats a zones rurals o despoblades.<\/li>\n<li><b>La cooperaci\u00f3 ciutadana:<\/b> Facilitant plataformes intel\u00b7ligents que connectin necessitats amb solucions dins de la pr\u00f2pia comunitat.<\/li>\n<\/ul>\n<p>La intel\u00b7lig\u00e8ncia artificial no \u00e9s nom\u00e9s per a les grans corporacions. \u00c9s una eina per construir-ne una <b>societat<\/b> m\u00e9s intel\u00b7ligent, solid\u00e0ria i preparada per als reptes del futur.<\/p>\n<p><b>Descobreix com podem col\u00b7laborar per generar un impacte real. Uneix-te a EdukI\u0394 i sigues part del canvi.<\/b><\/p>\n<\/div><\/div><\/div><\/div><\/div>","protected":false},"excerpt":{"rendered":"","protected":false},"author":1,"featured_media":0,"parent":1659,"menu_order":0,"comment_status":"closed","ping_status":"closed","template":"","meta":{"_acf_changed":false,"footnotes":""},"class_list":["post-2521","page","type-page","status-publish","hentry"],"acf":[],"_links":{"self":[{"href":"https:\/\/edukia.org\/ca\/wp-json\/wp\/v2\/pages\/2521","targetHints":{"allow":["GET"]}}],"collection":[{"href":"https:\/\/edukia.org\/ca\/wp-json\/wp\/v2\/pages"}],"about":[{"href":"https:\/\/edukia.org\/ca\/wp-json\/wp\/v2\/types\/page"}],"author":[{"embeddable":true,"href":"https:\/\/edukia.org\/ca\/wp-json\/wp\/v2\/users\/1"}],"replies":[{"embeddable":true,"href":"https:\/\/edukia.org\/ca\/wp-json\/wp\/v2\/comments?post=2521"}],"version-history":[{"count":3,"href":"https:\/\/edukia.org\/ca\/wp-json\/wp\/v2\/pages\/2521\/revisions"}],"predecessor-version":[{"id":2632,"href":"https:\/\/edukia.org\/ca\/wp-json\/wp\/v2\/pages\/2521\/revisions\/2632"}],"up":[{"embeddable":true,"href":"https:\/\/edukia.org\/ca\/wp-json\/wp\/v2\/pages\/1659"}],"wp:attachment":[{"href":"https:\/\/edukia.org\/ca\/wp-json\/wp\/v2\/media?parent=2521"}],"curies":[{"name":"wp","href":"https:\/\/api.w.org\/{rel}","templated":true}]}}