{"id":2519,"date":"2025-10-02T23:39:20","date_gmt":"2025-10-02T21:39:20","guid":{"rendered":"https:\/\/edukia.org\/?page_id=2519"},"modified":"2025-10-09T15:43:36","modified_gmt":"2025-10-09T13:43:36","slug":"formacio","status":"publish","type":"page","link":"https:\/\/edukia.org\/ca\/arees\/formacio\/","title":{"rendered":"Formaci\u00f3"},"content":{"rendered":"<div class=\"fusion-fullwidth fullwidth-box fusion-builder-row-1 fusion-flex-container has-pattern-background has-mask-background nonhundred-percent-fullwidth non-hundred-percent-height-scrolling\" style=\"--awb-border-radius-top-left:0px;--awb-border-radius-top-right:0px;--awb-border-radius-bottom-right:0px;--awb-border-radius-bottom-left:0px;--awb-flex-wrap:wrap;\" ><div class=\"fusion-builder-row fusion-row fusion-flex-align-items-flex-start fusion-flex-content-wrap\" style=\"max-width:1310.4px;margin-left: calc(-4% \/ 2 );margin-right: calc(-4% \/ 2 );\"><div class=\"fusion-layout-column fusion_builder_column fusion-builder-column-0 fusion_builder_column_1_1 1_1 fusion-flex-column\" style=\"--awb-bg-size:cover;--awb-width-large:100%;--awb-margin-top-large:0px;--awb-spacing-right-large:1.92%;--awb-margin-bottom-large:20px;--awb-spacing-left-large:1.92%;--awb-width-medium:100%;--awb-order-medium:0;--awb-spacing-right-medium:1.92%;--awb-spacing-left-medium:1.92%;--awb-width-small:100%;--awb-order-small:0;--awb-spacing-right-small:1.92%;--awb-spacing-left-small:1.92%;\"><div class=\"fusion-column-wrapper fusion-column-has-shadow fusion-flex-justify-content-flex-start fusion-content-layout-column\"><div class=\"fusion-text fusion-text-1\"><h2><b>EdukI\u0394: Impulseu la Competitivitat de la vostra Empresa amb la Formaci\u00f3 Intel\u00b7ligent<\/b><\/h2>\n<p>Al din\u00e0mic entorn empresarial actual, l&#039;agilitat, l&#039;efici\u00e8ncia i el desenvolupament constant del talent s\u00f3n els pilars de l&#039;\u00e8xit. Les petites i mitjanes empreses (pimes) s&#039;enfronten al repte de competir amb recursos limitats. La intel\u00b7lig\u00e8ncia artificial (IA) ha deixat de ser una tecnologia futurista per convertir-se en l&#039;aliat estrat\u00e8gic que pot anivellar el camp de joc, especialment en l&#039;\u00e0mbit de la <b>formaci\u00f3<\/b> i el desenvolupament corporatiu.<\/p>\n<p>A <b>EdukI\u0394<\/b>, som especialistes en traduir el potencial de la IA en resultats tangibles per a la vostra organitzaci\u00f3. Comprenem que l&#039;adopci\u00f3 de noves tecnologies pot generar incertesa, per aix\u00f2 hem dissenyat un pont directe entre la complexitat de la intel\u00b7lig\u00e8ncia artificial i les necessitats pr\u00e0ctiques de la seva empresa.<\/p>\n<h3><b>Transformeu la vostra Organitzaci\u00f3 amb Solucions d&#039;IA Aplicada<\/b><\/h3>\n<p>La nostra missi\u00f3 \u00e9s desmitificar la IA i convertir-la en una eina \u00fatil i accessible per al vostre equip. Us ajudem a integrar solucions intel\u00b7ligents que no nom\u00e9s optimitzen processos, sin\u00f3 que tamb\u00e9 conreen l&#039;actiu m\u00e9s valu\u00f3s de la vostra empresa: la vostra gent.<\/p>\n<p><b>Les nostres \u00e0rees d&#039;actuaci\u00f3 inclouen:<\/b><\/p>\n<ul>\n<li><b>Formaci\u00f3 Corporativa i Capacitaci\u00f3 a Mesura:<\/b> Oblideu-vos dels programes de <b>formaci\u00f3<\/b> gen\u00e8rics. Amb la IA, us podem ajudar a dissenyar i implementar plans de capacitaci\u00f3 totalment personalitzats que s&#039;adapten a les necessitats i al ritme d&#039;aprenentatge de cada empleat. Des de la creaci\u00f3 de continguts formatius interactius fins a la implementaci\u00f3 de simuladors per al desenvolupament d&#039;habilitats pr\u00e0ctiques, la IA potencia el <i>upskilling<\/i> i <i>reskilling<\/i> de la plantilla de manera efica\u00e7.<\/li>\n<li><b>Gesti\u00f3 Intel\u00b7ligent del Talent:<\/b> Atreure, retenir i desenvolupar el millor talent \u00e9s crucial. Us mostrem com aplicar eines d&#039;IA per optimitzar els processos de selecci\u00f3, identificar bretxes d&#039;habilitats dins de l&#039;organitzaci\u00f3, i dissenyar plans de carrera personalitzats que augmentin la motivaci\u00f3 i el comprom\u00eds de l&#039;equip.<\/li>\n<li><b>Optimitzaci\u00f3 de Processos Interns:<\/b> L&#039;efici\u00e8ncia operativa \u00e9s sin\u00f2nim de rendibilitat. La IA pot automatitzar tasques administratives, analitzar grans volums de dades per a una presa de decisions m\u00e9s informada i optimitzar la comunicaci\u00f3 interna. A <b>EdukI\u0394<\/b>, us guiem per identificar quins processos poden ser millorats, garantint un retorn de la inversi\u00f3 clar i mesurable.<\/li>\n<\/ul>\n<div class=\"fusion-image-element in-legacy-container\" style=\"--awb-mask-url: url(https:\/\/edukia.org\/wp-content\/plugins\/fusion-builder\/\/assets\/images\/masks\/mask-8.svg);--awb-caption-title-font-family:var(--h2_typography-font-family);--awb-caption-title-font-weight:var(--h2_typography-font-weight);--awb-caption-title-font-style:var(--h2_typography-font-style);--awb-caption-title-size:var(--h2_typography-font-size);--awb-caption-title-transform:var(--h2_typography-text-transform);--awb-caption-title-line-height:var(--h2_typography-line-height);--awb-caption-title-letter-spacing:var(--h2_typography-letter-spacing);\"><span class=\"fusion-imageframe imageframe-none imageframe-1 hover-type-none has-mask\"><img decoding=\"async\" width=\"1168\" height=\"880\" title=\"edukia-formacio\" src=\"https:\/\/edukia.org\/wp-content\/uploads\/2025\/10\/edukia-formacion.webp\" data-orig-src=\"https:\/\/edukia.org\/wp-content\/uploads\/2025\/10\/edukia-formacion.webp\" alt class=\"lazyload img-responsive wp-image-2625\" srcset=\"data:image\/svg+xml,%3Csvg%20xmlns%3D%27http%3A%2F%2Fwww.w3.org%2F2000%2Fsvg%27%20width%3D%271168%27%20height%3D%27880%27%20viewBox%3D%270%200%201168%20880%27%3E%3Crect%20width%3D%271168%27%20height%3D%27880%27%20fill-opacity%3D%220%22%2F%3E%3C%2Fsvg%3E\" data-srcset=\"https:\/\/edukia.org\/wp-content\/uploads\/2025\/10\/edukia-formacion-200x151.webp 200w, https:\/\/edukia.org\/wp-content\/uploads\/2025\/10\/edukia-formacion-400x301.webp 400w, https:\/\/edukia.org\/wp-content\/uploads\/2025\/10\/edukia-formacion-600x452.webp 600w, https:\/\/edukia.org\/wp-content\/uploads\/2025\/10\/edukia-formacion-800x603.webp 800w, https:\/\/edukia.org\/wp-content\/uploads\/2025\/10\/edukia-formacion.webp 1168w\" data-sizes=\"auto\" data-orig-sizes=\"(max-width: 640px) 100vw, 1168px\" \/><\/span><\/div>\n<h3><b>De la Teoria a la Pr\u00e0ctica: Un Acompanyament Proper<\/b><\/h3>\n<p>Sabem que cada empresa \u00e9s un m\u00f3n. Per aix\u00f2, el nostre enfocament \u00e9s eminentment pr\u00e0ctic i personalitzat, assegurant que l\u201fadopci\u00f3 de la IA sigui un proc\u00e9s senzill i sense friccions.<\/p>\n<ul>\n<li><b>Casos d&#039;\u00c8xit i Demostracions Reals:<\/b> Us mostrem exemples concrets de pimes i departaments de <b>formaci\u00f3<\/b> que ja estan obtenint beneficis mesurables gr\u00e0cies a la IA.<\/li>\n<li><b>Assessorament Personalitzat:<\/b> Analitzem els vostres objectius i desafiaments per dissenyar un full de ruta d&#039;implementaci\u00f3 que s&#039;ajusti a la vostra cultura, pressupost i necessitats espec\u00edfiques.<\/li>\n<li><b>Capacitaci\u00f3 per als seus Equips:<\/b> No nom\u00e9s implementem la tecnologia, sin\u00f3 que formem els seus empleats perqu\u00e8 se sentin c\u00f2modes i segurs fent-la servir, fomentant una cultura d&#039;innovaci\u00f3 interna.<\/li>\n<\/ul>\n<p>Amb <b>EdukI\u0394<\/b>, la intel\u00b7lig\u00e8ncia artificial es converteix en el motor que impulsa l&#039;efici\u00e8ncia, potencia el desenvolupament professional dels seus equips i, en definitiva, augmenta la competitivitat del negoci.<\/p>\n<p><b>Feu el seg\u00fcent pas cap a la transformaci\u00f3. Contacteu amb nosaltres i descobriu com la IA pot comen\u00e7ar a generar valor a la vostra empresa avui mateix.<\/b><\/p>\n<\/div><\/div><\/div><\/div><\/div>","protected":false},"excerpt":{"rendered":"","protected":false},"author":1,"featured_media":0,"parent":1659,"menu_order":0,"comment_status":"closed","ping_status":"closed","template":"","meta":{"_acf_changed":false,"footnotes":""},"class_list":["post-2519","page","type-page","status-publish","hentry"],"acf":[],"_links":{"self":[{"href":"https:\/\/edukia.org\/ca\/wp-json\/wp\/v2\/pages\/2519","targetHints":{"allow":["GET"]}}],"collection":[{"href":"https:\/\/edukia.org\/ca\/wp-json\/wp\/v2\/pages"}],"about":[{"href":"https:\/\/edukia.org\/ca\/wp-json\/wp\/v2\/types\/page"}],"author":[{"embeddable":true,"href":"https:\/\/edukia.org\/ca\/wp-json\/wp\/v2\/users\/1"}],"replies":[{"embeddable":true,"href":"https:\/\/edukia.org\/ca\/wp-json\/wp\/v2\/comments?post=2519"}],"version-history":[{"count":4,"href":"https:\/\/edukia.org\/ca\/wp-json\/wp\/v2\/pages\/2519\/revisions"}],"predecessor-version":[{"id":2630,"href":"https:\/\/edukia.org\/ca\/wp-json\/wp\/v2\/pages\/2519\/revisions\/2630"}],"up":[{"embeddable":true,"href":"https:\/\/edukia.org\/ca\/wp-json\/wp\/v2\/pages\/1659"}],"wp:attachment":[{"href":"https:\/\/edukia.org\/ca\/wp-json\/wp\/v2\/media?parent=2519"}],"curies":[{"name":"wp","href":"https:\/\/api.w.org\/{rel}","templated":true}]}}