{"id":2517,"date":"2025-10-02T23:38:07","date_gmt":"2025-10-02T21:38:07","guid":{"rendered":"https:\/\/edukia.org\/?page_id=2517"},"modified":"2025-10-09T15:37:34","modified_gmt":"2025-10-09T13:37:34","slug":"investigacio","status":"publish","type":"page","link":"https:\/\/edukia.org\/ca\/arees\/investigacio\/","title":{"rendered":"Investigaci\u00f3"},"content":{"rendered":"<div class=\"fusion-fullwidth fullwidth-box fusion-builder-row-1 fusion-flex-container has-pattern-background has-mask-background nonhundred-percent-fullwidth non-hundred-percent-height-scrolling\" style=\"--awb-border-radius-top-left:0px;--awb-border-radius-top-right:0px;--awb-border-radius-bottom-right:0px;--awb-border-radius-bottom-left:0px;--awb-flex-wrap:wrap;\" ><div class=\"fusion-builder-row fusion-row fusion-flex-align-items-flex-start fusion-flex-content-wrap\" style=\"max-width:1310.4px;margin-left: calc(-4% \/ 2 );margin-right: calc(-4% \/ 2 );\"><div class=\"fusion-layout-column fusion_builder_column fusion-builder-column-0 fusion_builder_column_1_1 1_1 fusion-flex-column\" style=\"--awb-bg-size:cover;--awb-width-large:100%;--awb-margin-top-large:0px;--awb-spacing-right-large:1.92%;--awb-margin-bottom-large:20px;--awb-spacing-left-large:1.92%;--awb-width-medium:100%;--awb-order-medium:0;--awb-spacing-right-medium:1.92%;--awb-spacing-left-medium:1.92%;--awb-width-small:100%;--awb-order-small:0;--awb-spacing-right-small:1.92%;--awb-spacing-left-small:1.92%;\"><div class=\"fusion-column-wrapper fusion-column-has-shadow fusion-flex-justify-content-flex-start fusion-content-layout-column\"><div class=\"fusion-text fusion-text-1\"><h2 class=\"ng-star-inserted\">Accelerant el Futur del Descobriment amb EdukI\u0394<\/h2>\n<p>La intel\u00b7lig\u00e8ncia artificial (IA) representa una de les transformacions m\u00e9s profundes en la hist\u00f2ria de la <b>investigaci\u00f3<\/b>. Ha deixat de ser una eina futurista per convertir-se en un motor present que multiplica les opcions dinnovaci\u00f3 en tots els camps del saber. En un entorn on la quantitat de dades creix exponencialment, els m\u00e8todes tradicionals ja no s\u00f3n suficients per explorar-ne tot el potencial. La IA no nom\u00e9s optimitza aquests m\u00e8todes, sin\u00f3 que obre portes a preguntes que abans eren impossibles de formular. A <b>EdukI\u0394<\/b>, entenem aquesta revoluci\u00f3 i actuem com el pont indispensable entre el potencial il\u00b7limitat de la intel\u00b7lig\u00e8ncia artificial i la comunitat investigadora. La nostra missi\u00f3 \u00e9s democratitzar-ne l&#039;\u00fas, facilitant l&#039;acc\u00e9s a eines, repositoris i bones pr\u00e0ctiques que permeten als equips de <b>investigaci\u00f3<\/b> no nom\u00e9s millorar, sin\u00f3 redefinir-ne els processos.<\/p>\n<p>La nostra plataforma est\u00e0 dissenyada per acompanyar el personal investigador al llarg de tot el cicle de vida del vostre projecte. Des de la concepci\u00f3 de la idea, la IA pot fer un <b>an\u00e0lisi bibliom\u00e8trica<\/b> exhaustiu en q\u00fcesti\u00f3 d&#039;hores, identificant llacunes al coneixement actual i suggerint noves vies d&#039;estudi. Oblideu-vos dels mesos dedicats a revisions sistem\u00e0tiques manuals; amb el <b>processament del llenguatge natural (PLN)<\/b>, \u00e9s possible analitzar milers darticles i extreure la informaci\u00f3 m\u00e9s rellevant de forma gaireb\u00e9 instant\u00e0nia. A <b>EdukI\u0394<\/b> us ajudem a aprofitar aquestes tecnologies per construir una base s\u00f2lida i nova per a la seva <b>investigaci\u00f3<\/b>.<\/p>\n<div class=\"fusion-image-element in-legacy-container\" style=\"--awb-mask-url: url(https:\/\/edukia.org\/wp-content\/plugins\/fusion-builder\/\/assets\/images\/masks\/mask-6.svg);--awb-caption-title-font-family:var(--h2_typography-font-family);--awb-caption-title-font-weight:var(--h2_typography-font-weight);--awb-caption-title-font-style:var(--h2_typography-font-style);--awb-caption-title-size:var(--h2_typography-font-size);--awb-caption-title-transform:var(--h2_typography-text-transform);--awb-caption-title-line-height:var(--h2_typography-line-height);--awb-caption-title-letter-spacing:var(--h2_typography-letter-spacing);\"><span class=\"fusion-imageframe imageframe-none imageframe-1 hover-type-none has-mask\"><img decoding=\"async\" width=\"1248\" height=\"832\" title=\"edukia-investigaci\u00f3\" src=\"https:\/\/edukia.org\/wp-content\/uploads\/2025\/10\/edukia-investigacion.webp\" data-orig-src=\"https:\/\/edukia.org\/wp-content\/uploads\/2025\/10\/edukia-investigacion.webp\" alt class=\"lazyload img-responsive wp-image-2556\" srcset=\"data:image\/svg+xml,%3Csvg%20xmlns%3D%27http%3A%2F%2Fwww.w3.org%2F2000%2Fsvg%27%20width%3D%271248%27%20height%3D%27832%27%20viewBox%3D%270%200%201248%20832%27%3E%3Crect%20width%3D%271248%27%20height%3D%27832%27%20fill-opacity%3D%220%22%2F%3E%3C%2Fsvg%3E\" data-srcset=\"https:\/\/edukia.org\/wp-content\/uploads\/2025\/10\/edukia-investigacion-200x133.webp 200w, https:\/\/edukia.org\/wp-content\/uploads\/2025\/10\/edukia-investigacion-400x267.webp 400w, https:\/\/edukia.org\/wp-content\/uploads\/2025\/10\/edukia-investigacion-600x400.webp 600w, https:\/\/edukia.org\/wp-content\/uploads\/2025\/10\/edukia-investigacion-800x533.webp 800w, https:\/\/edukia.org\/wp-content\/uploads\/2025\/10\/edukia-investigacion-1200x800.webp 1200w, https:\/\/edukia.org\/wp-content\/uploads\/2025\/10\/edukia-investigacion.webp 1248w\" data-sizes=\"auto\" data-orig-sizes=\"(max-width: 640px) 100vw, 1248px\" \/><\/span><\/div>\n<p>Una metodologia robusta \u00e9s el pilar de qualsevol estudi de qualitat. Per aix\u00f2, oferim un suport especialitzat en el disseny d&#039;instruments de recollida de dades. Ajudem en la creaci\u00f3 de q\u00fcestionaris que no nom\u00e9s compleixen, sin\u00f3 que certifiquen la seva <b>evid\u00e8ncia de validesa i fiabilitat<\/b> mitjan\u00e7ant an\u00e0lisis algor\u00edsmiques. A m\u00e9s, assistim al <b>disseny experimental<\/b>, permetent la creaci\u00f3 de simulacions complexes i models predictius que poden anticipar resultats i optimitzar recursos fins i tot abans d&#039;iniciar el treball de camp.<\/p>\n<p>El veritable poder de la IA es desferma a la fase d&#039;an\u00e0lisi. A <b>EdukI\u0394<\/b> sabem que molts equips de <b>investigaci\u00f3<\/b> no tenen especialistes en programaci\u00f3 o d&#039;acc\u00e9s a programari cost\u00f3s i complex. Per aix\u00f2, proporcionem un entorn intu\u00eftiu on \u00e9s possible analitzar grans volums de dades de manera m\u00e9s \u00f2ptima, r\u00e0pida i precisa. Mitjan\u00e7ant t\u00e8cniques de <b>aprenentatge autom\u00e0tic (machine learning)<\/b>, els nostres sistemes poden identificar patrons ocults, segmentar audi\u00e8ncies o analitzar dades no estructurades com a textos i imatges. Aix\u00f2 permet als investigadors centrar-se en all\u00f2 que millor saben fer: interpretar les troballes i generar coneixement. Oferim <b>assessorament i formaci\u00f3 cont\u00ednua<\/b> perqu\u00e8 el vostre equip guanyi autonomia i confian\u00e7a en l&#039;\u00fas d&#039;aquestes potents eines.<\/p>\n<p>Finalment, una <b>investigaci\u00f3<\/b> nom\u00e9s t\u00e9 impacte si es comunica efica\u00e7ment. El treball no s&#039;acaba amb l&#039;obtenci\u00f3 de resultats. A <b>EdukI\u0394<\/b>, us donem suport en la fase crucial de la disseminaci\u00f3 cient\u00edfica. La IA pot ser una gran aliada per crear una <b>visualitzaci\u00f3 de dades<\/b> clara i impactant, facilitant la comprensi\u00f3 de resultats complexos. Us ajudem a estructurar i redactar esborranys de <i>papers<\/i>, a dissenyar <i>p\u00f2sters<\/i> atractius per a congressos ia produir materials multim\u00e8dia com ara v\u00eddeo tutorials o presentacions din\u00e0miques que capturin l&#039;atenci\u00f3 de la seva audi\u00e8ncia.<\/p>\n<p>En definitiva, <b>EdukI\u0394<\/b> no \u00e9s nom\u00e9s un prove\u00efdor de tecnologia, sin\u00f3 un soci estrat\u00e8gic per a qualsevol equip de <b>investigaci\u00f3<\/b> que aspiri a l&#039;excel\u00b7l\u00e8ncia. El nostre objectiu \u00e9s eliminar les barreres t\u00e8cniques i potenciar el talent hum\u00e0, assegurant que qualsevol grup, sense importar la seva \u00e0rea de coneixement, pugui aprofitar al m\u00e0xim el potencial de la IA per aconseguir resultats m\u00e9s robustos, rellevants i de m\u00e9s impacte.<\/p>\n<p>Com a valor afegit en aquesta \u00e0rea, visita la nostra p\u00e0gina de <a href=\"https:\/\/forms.edukia.org\" target=\"_blank\" rel=\"noopener\">formularis de recerca<\/a>.<\/p>\n<\/div><\/div><\/div><\/div><\/div>","protected":false},"excerpt":{"rendered":"","protected":false},"author":1,"featured_media":0,"parent":1659,"menu_order":0,"comment_status":"closed","ping_status":"closed","template":"","meta":{"_acf_changed":false,"footnotes":""},"class_list":["post-2517","page","type-page","status-publish","hentry"],"acf":[],"_links":{"self":[{"href":"https:\/\/edukia.org\/ca\/wp-json\/wp\/v2\/pages\/2517","targetHints":{"allow":["GET"]}}],"collection":[{"href":"https:\/\/edukia.org\/ca\/wp-json\/wp\/v2\/pages"}],"about":[{"href":"https:\/\/edukia.org\/ca\/wp-json\/wp\/v2\/types\/page"}],"author":[{"embeddable":true,"href":"https:\/\/edukia.org\/ca\/wp-json\/wp\/v2\/users\/1"}],"replies":[{"embeddable":true,"href":"https:\/\/edukia.org\/ca\/wp-json\/wp\/v2\/comments?post=2517"}],"version-history":[{"count":5,"href":"https:\/\/edukia.org\/ca\/wp-json\/wp\/v2\/pages\/2517\/revisions"}],"predecessor-version":[{"id":2629,"href":"https:\/\/edukia.org\/ca\/wp-json\/wp\/v2\/pages\/2517\/revisions\/2629"}],"up":[{"embeddable":true,"href":"https:\/\/edukia.org\/ca\/wp-json\/wp\/v2\/pages\/1659"}],"wp:attachment":[{"href":"https:\/\/edukia.org\/ca\/wp-json\/wp\/v2\/media?parent=2517"}],"curies":[{"name":"wp","href":"https:\/\/api.w.org\/{rel}","templated":true}]}}