{"id":2399,"date":"2025-09-25T02:01:55","date_gmt":"2025-09-25T00:01:55","guid":{"rendered":"https:\/\/edukia.org\/?page_id=2399"},"modified":"2025-10-09T15:33:29","modified_gmt":"2025-10-09T13:33:29","slug":"autodidacta","status":"publish","type":"page","link":"https:\/\/edukia.org\/ca\/arees\/autodidacta\/","title":{"rendered":"Autodidacta"},"content":{"rendered":"<div class=\"fusion-fullwidth fullwidth-box fusion-builder-row-1 fusion-flex-container has-pattern-background has-mask-background nonhundred-percent-fullwidth non-hundred-percent-height-scrolling\" style=\"--awb-border-radius-top-left:0px;--awb-border-radius-top-right:0px;--awb-border-radius-bottom-right:0px;--awb-border-radius-bottom-left:0px;--awb-flex-wrap:wrap;\" ><div class=\"fusion-builder-row fusion-row fusion-flex-align-items-flex-start fusion-flex-content-wrap\" style=\"max-width:1310.4px;margin-left: calc(-4% \/ 2 );margin-right: calc(-4% \/ 2 );\"><div class=\"fusion-layout-column fusion_builder_column fusion-builder-column-0 fusion_builder_column_1_1 1_1 fusion-flex-column\" style=\"--awb-bg-size:cover;--awb-width-large:100%;--awb-margin-top-large:0px;--awb-spacing-right-large:1.92%;--awb-margin-bottom-large:20px;--awb-spacing-left-large:1.92%;--awb-width-medium:100%;--awb-order-medium:0;--awb-spacing-right-medium:1.92%;--awb-spacing-left-medium:1.92%;--awb-width-small:100%;--awb-order-small:0;--awb-spacing-right-small:1.92%;--awb-spacing-left-small:1.92%;\"><div class=\"fusion-column-wrapper fusion-column-has-shadow fusion-flex-justify-content-flex-start fusion-content-layout-column\"><div class=\"fusion-text fusion-text-1\"><p class=\"ng-star-inserted\"><span class=\"ng-star-inserted\">A EdukI\u0394 Next partim d&#039;una convicci\u00f3 fonamental: la curiositat \u00e9s el motor del coneixement. Creiem fermament que totes les persones curioses tenen la capacitat innata d&#039;aprendre per si mateixes i d&#039;avan\u00e7ar cont\u00ednuament, no nom\u00e9s en l&#039;adquisici\u00f3 de sabers, sin\u00f3 tamb\u00e9 en el desenvolupament de\u00a0<\/span><strong class=\"ng-star-inserted\"><span class=\"ng-star-inserted\">compet\u00e8ncies digitals<\/span><\/strong><span class=\"ng-star-inserted\">\u00a0crucials per al m\u00f3n actual. En una era definida per la r\u00e0pida evoluci\u00f3 tecnol\u00f2gica, el\u00a0<\/span><strong class=\"ng-star-inserted\"><span class=\"ng-star-inserted\">aprenentatge aut\u00f2nom<\/span><\/strong><span class=\"ng-star-inserted\">\u00a0deixa de ser una opci\u00f3 per esdevenir una habilitat essencial. Per aix\u00f2, la nostra missi\u00f3 \u00e9s empoderar aquestes ments inquietes, oferint recursos accessibles i eines pr\u00e0ctiques de\u00a0<\/span><strong class=\"ng-star-inserted\"><span class=\"ng-star-inserted\">intel\u00b7lig\u00e8ncia artificial<\/span><\/strong><span class=\"ng-star-inserted\">\u00a0dissenyades espec\u00edficament per als qui gaudeixen de l&#039;autogesti\u00f3 en el proc\u00e9s formatiu.<\/span><\/p>\n<p class=\"ng-star-inserted\"><span class=\"ng-star-inserted\">El nostre enfocament se centra a facilitar la creaci\u00f3 i l&#039;enriquiment del\u00a0<\/span><strong class=\"ng-star-inserted\"><span class=\"ng-star-inserted\">PLE (Personal Learning Environment o Entorn Personal d&#039;Aprenentatge)<\/span><\/strong><span class=\"ng-star-inserted\"> de cada individu. <\/span><span class=\"ng-star-inserted\">Entenem el PLE com un ecosistema personalitzat de recursos, contactes i eines que cada persona selecciona i utilitza per gestionar el propi aprenentatge.<\/span><span class=\"ng-star-inserted\"> Lluny d&#039;imposar una ruta \u00fanica, volem que els usuaris puguin explorar, experimentar i, en \u00faltima inst\u00e0ncia, escollir amb criteri les eines d&#039;IA i les estrat\u00e8gies que s&#039;alinein millor amb els seus objectius, interessos i estil d&#039;aprenentatge.<\/span><span class=\"ng-star-inserted\"> Aquest proc\u00e9s de construcci\u00f3 del PLE no nom\u00e9s fomenta l&#039;autonomia i la responsabilitat, sin\u00f3 que tamb\u00e9 converteix l&#039;aprenentatge en un viatge m\u00e9s personal, flexible i significatiu.<\/span><\/p>\n<p class=\"ng-star-inserted\"><span class=\"ng-star-inserted\">L&#039;objectiu d&#039;EdukI\u0394 Next \u00e9s, per tant, oferir un ventall de recursos adaptats a persones amb diferents nivells de familiaritat amb la\u00a0<\/span><strong class=\"ng-star-inserted\"><span class=\"ng-star-inserted\">intel\u00b7lig\u00e8ncia artificial<\/span><\/strong><span class=\"ng-star-inserted\">. Volem fer caure les barreres d&#039;acc\u00e9s, demostrant que la IA no \u00e9s un camp reservat exclusivament per a experts. Per als que s&#039;inicien, proporcionem materials que expliquen els conceptes b\u00e0sics de manera clara i amena, assentant les bases per a una comprensi\u00f3 s\u00f2lida. Per a aquells que ja tenen coneixements previs, oferim guies i tutorials sobre aplicacions pr\u00e0ctiques i avan\u00e7ades, permetent aprofundir i aplicar la IA en els seus projectes personals o professionals.<\/span><\/p>\n<div class=\"fusion-image-element in-legacy-container\" style=\"--awb-mask-url: url(https:\/\/edukia.org\/wp-content\/plugins\/fusion-builder\/\/assets\/images\/masks\/mask-1.svg);--awb-caption-title-font-family:var(--h2_typography-font-family);--awb-caption-title-font-weight:var(--h2_typography-font-weight);--awb-caption-title-font-style:var(--h2_typography-font-style);--awb-caption-title-size:var(--h2_typography-font-size);--awb-caption-title-transform:var(--h2_typography-text-transform);--awb-caption-title-line-height:var(--h2_typography-line-height);--awb-caption-title-letter-spacing:var(--h2_typography-letter-spacing);\"><span class=\"fusion-imageframe imageframe-none imageframe-1 hover-type-none has-mask\"><img decoding=\"async\" width=\"1360\" height=\"768\" title=\"edukia-autodidacta\" src=\"https:\/\/edukia.org\/wp-content\/uploads\/2025\/10\/edukia-autodidacta.webp\" data-orig-src=\"https:\/\/edukia.org\/wp-content\/uploads\/2025\/10\/edukia-autodidacta.webp\" alt class=\"lazyload img-responsive wp-image-2619\" srcset=\"data:image\/svg+xml,%3Csvg%20xmlns%3D%27http%3A%2F%2Fwww.w3.org%2F2000%2Fsvg%27%20width%3D%271360%27%20height%3D%27768%27%20viewBox%3D%270%200%201360%20768%27%3E%3Crect%20width%3D%271360%27%20height%3D%27768%27%20fill-opacity%3D%220%22%2F%3E%3C%2Fsvg%3E\" data-srcset=\"https:\/\/edukia.org\/wp-content\/uploads\/2025\/10\/edukia-autodidacta-200x113.webp 200w, https:\/\/edukia.org\/wp-content\/uploads\/2025\/10\/edukia-autodidacta-400x226.webp 400w, https:\/\/edukia.org\/wp-content\/uploads\/2025\/10\/edukia-autodidacta-600x339.webp 600w, https:\/\/edukia.org\/wp-content\/uploads\/2025\/10\/edukia-autodidacta-800x452.webp 800w, https:\/\/edukia.org\/wp-content\/uploads\/2025\/10\/edukia-autodidacta-1200x678.webp 1200w, https:\/\/edukia.org\/wp-content\/uploads\/2025\/10\/edukia-autodidacta.webp 1360w\" data-sizes=\"auto\" data-orig-sizes=\"(max-width: 640px) 100vw, 1360px\" \/><\/span><\/div>\n<p class=\"ng-star-inserted\"><span class=\"ng-star-inserted\">Les eines que promovem s\u00f3n pensades per potenciar l&#039;autosufici\u00e8ncia i la creativitat. Des d&#039;assistents d&#039;escriptura intel\u00b7ligents i generadors de contingut personalitzat fins a plataformes d&#039;aprenentatge adaptatiu que ajusten la dificultat en temps real, la\u00a0<\/span><strong class=\"ng-star-inserted\"><span class=\"ng-star-inserted\">intel\u00b7lig\u00e8ncia artificial<\/span><\/strong><span class=\"ng-star-inserted\"> ofereix una infinitat de possibilitats per optimitzar l&#039;estudi i la investigaci\u00f3.<\/span><span class=\"ng-star-inserted\">\u00a0Per exemple, un estudiant pot utilitzar eines d&#039;IA per resumir textos complexos, trobar fonts d&#039;informaci\u00f3 rellevants de manera m\u00e9s eficient o fins i tot generar q\u00fcestionaris per autoavaluar-ne la comprensi\u00f3. Aquestes aplicacions no busquen reempla\u00e7ar l&#039;esfor\u00e7 de l&#039;aprenent, sin\u00f3 actuar com un catalitzador, alliberant temps i energia perqu\u00e8 es pugui centrar en el pensament cr\u00edtic, la resoluci\u00f3 de problemes i la creativitat.<\/span><\/p>\n<p class=\"ng-star-inserted\"><span class=\"ng-star-inserted\">En definitiva, a EdukI\u0394 Next visualitzem un futur en qu\u00e8 qualsevol persona amb iniciativa pugui dissenyar el seu propi itinerari formatiu, recolzant-se a la\u00a0<\/span><strong class=\"ng-star-inserted\"><span class=\"ng-star-inserted\">intel\u00b7lig\u00e8ncia artificial<\/span><\/strong><span class=\"ng-star-inserted\">\u00a0com una aliada estrat\u00e8gica. En impulsar l&#039;autosufici\u00e8ncia, no nom\u00e9s ajudem a adquirir coneixements espec\u00edfics, sin\u00f3 que tamb\u00e9 cultivem una mentalitat d&#039;aprenentatge continu, una compet\u00e8ncia indispensable al segle XXI. Fomentem un entorn on l&#039;experimentaci\u00f3 \u00e9s benvinguda i l&#039;error s&#039;ent\u00e9n com una part natural del proc\u00e9s, un espai on la curiositat \u00e9s la br\u00faixola i la tecnologia, el mapa per navegar pel vast oce\u00e0 del saber.<\/span><\/p>\n<\/div><\/div><\/div><\/div><\/div>","protected":false},"excerpt":{"rendered":"","protected":false},"author":1,"featured_media":0,"parent":1659,"menu_order":0,"comment_status":"closed","ping_status":"closed","template":"","meta":{"_acf_changed":false,"footnotes":""},"class_list":["post-2399","page","type-page","status-publish","hentry"],"acf":[],"_links":{"self":[{"href":"https:\/\/edukia.org\/ca\/wp-json\/wp\/v2\/pages\/2399","targetHints":{"allow":["GET"]}}],"collection":[{"href":"https:\/\/edukia.org\/ca\/wp-json\/wp\/v2\/pages"}],"about":[{"href":"https:\/\/edukia.org\/ca\/wp-json\/wp\/v2\/types\/page"}],"author":[{"embeddable":true,"href":"https:\/\/edukia.org\/ca\/wp-json\/wp\/v2\/users\/1"}],"replies":[{"embeddable":true,"href":"https:\/\/edukia.org\/ca\/wp-json\/wp\/v2\/comments?post=2399"}],"version-history":[{"count":5,"href":"https:\/\/edukia.org\/ca\/wp-json\/wp\/v2\/pages\/2399\/revisions"}],"predecessor-version":[{"id":2628,"href":"https:\/\/edukia.org\/ca\/wp-json\/wp\/v2\/pages\/2399\/revisions\/2628"}],"up":[{"embeddable":true,"href":"https:\/\/edukia.org\/ca\/wp-json\/wp\/v2\/pages\/1659"}],"wp:attachment":[{"href":"https:\/\/edukia.org\/ca\/wp-json\/wp\/v2\/media?parent=2399"}],"curies":[{"name":"wp","href":"https:\/\/api.w.org\/{rel}","templated":true}]}}